{"id":13,"date":"2022-07-04T03:26:38","date_gmt":"2022-07-04T03:26:38","guid":{"rendered":"https:\/\/rockythemes.com\/creativo-laura\/?page_id=13"},"modified":"2022-07-06T21:57:28","modified_gmt":"2022-07-06T21:57:28","slug":"home","status":"publish","type":"page","link":"https:\/\/mgg.com.co\/","title":{"rendered":"Home"},"content":{"rendered":"\t\t<div data-elementor-type=\"wp-page\" data-elementor-id=\"13\" class=\"elementor elementor-13\">\n\t\t\t\t\t\t\t\t\t<section class=\"elementor-section elementor-top-section elementor-element elementor-element-6bf6b74f elementor-section-boxed elementor-section-height-default elementor-section-height-default creativo-sticky-disabled\" data-id=\"6bf6b74f\" data-element_type=\"section\" data-settings=\"{&quot;enable_creativo_sticky&quot;:&quot;disabled&quot;}\">\n\t\t\t\t\t\t<div class=\"elementor-container elementor-column-gap-default\">\n\t\t\t\t\t<div class=\"elementor-column elementor-col-100 elementor-top-column elementor-element elementor-element-47dcf2\" data-id=\"47dcf2\" data-element_type=\"column\">\n\t\t\t<div class=\"elementor-widget-wrap elementor-element-populated\">\n\t\t\t\t\t\t\t\t<div class=\"elementor-element elementor-element-7ad6f02e elementor-widget elementor-widget-slider_revolution\" data-id=\"7ad6f02e\" data-element_type=\"widget\" data-widget_type=\"slider_revolution.default\">\n\t\t\t\t<div class=\"elementor-widget-container\">\n\t\t\t\n\t\t<div class=\"wp-block-themepunch-revslider\">\n\t\t\t<!-- START Posts Slider REVOLUTION SLIDER 6.5.24 --><p class=\"rs-p-wp-fix\"><\/p>\n\t\t\t<rs-module-wrap id=\"rev_slider_1_1_wrapper\" data-source=\"post\" style=\"visibility:hidden;background:transparent;padding:0;margin:0px auto;margin-top:0;margin-bottom:0;\">\n\t\t\t\t<rs-module id=\"rev_slider_1_1\" style=\"\" data-version=\"6.5.24\">\n\t\t\t\t\t<rs-slides>\n\t\t\t\t\t\t<rs-slide style=\"position: absolute;\" data-key=\"rs-2801\" data-title=\"M.G.G &#8211; Memorias 19X\/20X\" data-anim=\"p:transparent;\" data-in=\"o:0;\" data-out=\"o:0;\">\n\t\t\t\t\t\t\t<img src=\"\/\/mgg.com.co\/wp-content\/plugins\/revslider\/public\/assets\/assets\/dummy.png\" alt=\"\" title=\"Untitled design (7)\" width=\"500\" height=\"377\" class=\"rev-slidebg tp-rs-img rs-lazyload\" data-lazyload=\"\/\/mgg.com.co\/wp-content\/uploads\/2022\/07\/Untitled-design-7.png\" data-bg=\"p:right center;\" data-parallax=\"5\" data-no-retina>\n<!--\n\t\t\t\t\t\t\t--><rs-layer\n\t\t\t\t\t\t\t\tid=\"slider-1-slide-2801-layer-1\" \n\t\t\t\t\t\t\t\tclass=\"tp-shape tp-shapewrapper\"\n\t\t\t\t\t\t\t\tdata-type=\"shape\"\n\t\t\t\t\t\t\t\tdata-rsp_ch=\"on\"\n\t\t\t\t\t\t\t\tdata-xy=\"x:l,l,c,c;xo:0,0,0,1px;y:t,t,m,m;\"\n\t\t\t\t\t\t\t\tdata-text=\"fw:400,400,100,100;\"\n\t\t\t\t\t\t\t\tdata-dim=\"w:480px,480px,600px,420px;h:540px,540px,500px,411px;\"\n\t\t\t\t\t\t\t\tdata-frame_0=\"sX:0.9;sY:0.9;\"\n\t\t\t\t\t\t\t\tdata-frame_1=\"e:power4.out;sp:290;sR:10;\"\n\t\t\t\t\t\t\t\tdata-frame_999=\"st:w;sp:1000;sR:8700;auto:true;\"\n\t\t\t\t\t\t\t\tstyle=\"z-index:5;background-color:#035f66;\"\n\t\t\t\t\t\t\t> \n\t\t\t\t\t\t\t<\/rs-layer><!--\n\n\t\t\t\t\t\t\t--><a\n\t\t\t\t\t\t\t\tid=\"slider-1-slide-2801-layer-2\" \n\t\t\t\t\t\t\t\tclass=\"rs-layer PostSlider-Title\"\n\t\t\t\t\t\t\t\thref=\"https:\/\/mgg.com.co\/index.php\/2022\/06\/15\/mgg-memorias\/\" target=\"_self\"\n\t\t\t\t\t\t\t\tdata-type=\"text\"\n\t\t\t\t\t\t\t\tdata-rsp_ch=\"on\"\n\t\t\t\t\t\t\t\tdata-xy=\"x:l,l,c,c;xo:38px,38px,0,0;yo:83px,83px,111px,98px;\"\n\t\t\t\t\t\t\t\tdata-text=\"w:normal;s:50,50,34,24;l:60,60,38,34;a:left,left,center,center;\"\n\t\t\t\t\t\t\t\tdata-dim=\"w:400px,400px,290px,210px;\"\n\t\t\t\t\t\t\t\tdata-frame_0=\"y:20px;\"\n\t\t\t\t\t\t\t\tdata-frame_1=\"e:power3.out;st:450;sp:500;sR:450;\"\n\t\t\t\t\t\t\t\tdata-frame_999=\"st:w;sp:1000;sR:8050;auto:true;\"\n\t\t\t\t\t\t\t\tstyle=\"z-index:7;font-family:'Amiri';\"\n\t\t\t\t\t\t\t>M.G.G - Memorias 19X\/20X \n\t\t\t\t\t\t\t<\/a><!--\n\n\t\t\t\t\t\t\t--><rs-layer\n\t\t\t\t\t\t\t\tid=\"slider-1-slide-2801-layer-3\" \n\t\t\t\t\t\t\t\tclass=\"PostSlider-Category\"\n\t\t\t\t\t\t\t\tdata-type=\"text\"\n\t\t\t\t\t\t\t\tdata-rsp_ch=\"on\"\n\t\t\t\t\t\t\t\tdata-xy=\"x:l,l,c,c;xo:40px,40px,0,0;yo:40px,40px,60px,50px;\"\n\t\t\t\t\t\t\t\tdata-text=\"s:11,11,13,13;l:15,15,13,13;ls:3px;fw:700,700,300,300;a:left,left,center,center;\"\n\t\t\t\t\t\t\t\tdata-dim=\"w:370px,370px,290px,210px;\"\n\t\t\t\t\t\t\t\tdata-frame_0=\"y:20px;\"\n\t\t\t\t\t\t\t\tdata-frame_1=\"e:power3.out;st:290;sp:500;sR:290;\"\n\t\t\t\t\t\t\t\tdata-frame_999=\"st:w;sp:1000;sR:8210;auto:true;\"\n\t\t\t\t\t\t\t\tstyle=\"z-index:6;font-family:'Roboto';text-transform:uppercase;\"\n\t\t\t\t\t\t\t>News \n\t\t\t\t\t\t\t<\/rs-layer><!--\n\n\t\t\t\t\t\t\t--><rs-layer\n\t\t\t\t\t\t\t\tid=\"slider-1-slide-2801-layer-4\" \n\t\t\t\t\t\t\t\tclass=\"PostSlider-Content\"\n\t\t\t\t\t\t\t\tdata-type=\"text\"\n\t\t\t\t\t\t\t\tdata-rsp_ch=\"on\"\n\t\t\t\t\t\t\t\tdata-xy=\"x:l,l,c,c;xo:40px,40px,0,0;yo:230px,230px,235px,184px;\"\n\t\t\t\t\t\t\t\tdata-text=\"w:normal;s:16,16,16,15;l:26,26,26,20;fw:300,300,400,400;a:left,left,center,center;\"\n\t\t\t\t\t\t\t\tdata-dim=\"w:400px,400px,450px,290px;\"\n\t\t\t\t\t\t\t\tdata-frame_0=\"y:20px;\"\n\t\t\t\t\t\t\t\tdata-frame_1=\"e:power3.out;st:580;sp:500;sR:580;\"\n\t\t\t\t\t\t\t\tdata-frame_999=\"st:w;sp:1000;sR:7920;auto:true;\"\n\t\t\t\t\t\t\t\tstyle=\"z-index:8;font-family:'inherit';\"\n\t\t\t\t\t\t\t>\nEl lanzamiento del LP Memorias 19X\/20X es el primer trabajo creativo de M.G.G. Recopilando canciones de vivencias personales, como de personas cercanas a su vida desde 1990, se crea este \u00e1lbum de 27 canciones que incluyen bonus tracks. Estos bonus \n\t\t\t\t\t\t\t<\/rs-layer><!--\n\n\t\t\t\t\t\t\t--><a\n\t\t\t\t\t\t\t\tid=\"slider-1-slide-2801-layer-5\" \n\t\t\t\t\t\t\t\tclass=\"rs-layer PostSlider-Button rev-btn\"\n\t\t\t\t\t\t\t\thref=\"https:\/\/mgg.com.co\/index.php\/2022\/06\/15\/mgg-memorias\/\" target=\"_self\"\n\t\t\t\t\t\t\t\tdata-type=\"button\"\n\t\t\t\t\t\t\t\tdata-color=\"#ffffff||rgba(0, 0, 0, 1)||#ffffff||#ffffff\"\n\t\t\t\t\t\t\t\tdata-rsp_ch=\"on\"\n\t\t\t\t\t\t\t\tdata-xy=\"x:l,l,c,c;xo:40px,593px,0,0;y:m,t,t,t;yo:160px,496px,436px,366px;\"\n\t\t\t\t\t\t\t\tdata-text=\"s:15;l:40;fw:500;\"\n\t\t\t\t\t\t\t\tdata-padding=\"t:1;r:25;b:1;l:25;\"\n\t\t\t\t\t\t\t\tdata-border=\"bow:1px,1px,1px,1px;\"\n\t\t\t\t\t\t\t\tdata-frame_0=\"y:10px;\"\n\t\t\t\t\t\t\t\tdata-frame_1=\"e:power3.out;st:690;sp:500;sR:690;\"\n\t\t\t\t\t\t\t\tdata-frame_999=\"y:10px;o:0;st:w;sp:1000;sR:7810;\"\n\t\t\t\t\t\t\t\tdata-frame_hover=\"c:#000;bgc:#fff;boc:#000;bor:0px,0px,0px,0px;bos:solid;bow:1px,1px,1px,1px;oX:50;oY:50;sp:200;e:power1.inOut;\"\n\t\t\t\t\t\t\t\tstyle=\"z-index:9;font-family:'inherit';cursor:pointer;outline:none;box-shadow:none;box-sizing:border-box;-moz-box-sizing:border-box;-webkit-box-sizing:border-box;\"\n\t\t\t\t\t\t\t><i class=\"pe-7s-comment\" style=\"font-size:25px; float:left; margin-right:10px;\" style=\"color:#ffffff\"><\/i> Continuar Leyendo \n\t\t\t\t\t\t\t<\/a><!--\n-->\t\t\t\t\t\t<\/rs-slide>\n\t\t\t\t\t<\/rs-slides>\n\t\t\t\t<\/rs-module>\n\t\t\t\t<script>\n\t\t\t\t\tsetREVStartSize({c: 'rev_slider_1_1',rl:[1240,1024,778,480],el:[540,540,540,450],gw:[1200,1024,778,480],gh:[540,540,540,450],type:'standard',justify:'',layout:'fullwidth',mh:\"0\"});if (window.RS_MODULES!==undefined && window.RS_MODULES.modules!==undefined && window.RS_MODULES.modules[\"revslider11\"]!==undefined) {window.RS_MODULES.modules[\"revslider11\"].once = false;window.revapi1 = undefined;if (window.RS_MODULES.checkMinimal!==undefined) window.RS_MODULES.checkMinimal()}\n\t\t\t\t<\/script>\n\t\t\t<\/rs-module-wrap>\n\t\t\t<!-- END REVOLUTION SLIDER -->\n<\/div>\n\n\t\t\t\t<\/div>\n\t\t\t\t<\/div>\n\t\t\t\t\t<\/div>\n\t\t<\/div>\n\t\t\t\t\t\t\t<\/div>\n\t\t<\/section>\n\t\t\t\t<section class=\"elementor-section elementor-top-section elementor-element elementor-element-798f2157 elementor-section-boxed elementor-section-height-default elementor-section-height-default creativo-sticky-disabled\" data-id=\"798f2157\" data-element_type=\"section\" data-settings=\"{&quot;enable_creativo_sticky&quot;:&quot;disabled&quot;}\">\n\t\t\t\t\t\t<div class=\"elementor-container elementor-column-gap-default\">\n\t\t\t\t\t<div class=\"elementor-column elementor-col-25 elementor-top-column elementor-element elementor-element-226c9f8b\" data-id=\"226c9f8b\" data-element_type=\"column\" data-settings=\"{&quot;background_background&quot;:&quot;classic&quot;}\">\n\t\t\t<div class=\"elementor-widget-wrap elementor-element-populated\">\n\t\t\t\t\t\t\t\t<div class=\"elementor-element elementor-element-304d1b9e text-center button-width-%sdefault elementor-widget elementor-widget-creativo_button\" data-id=\"304d1b9e\" data-element_type=\"widget\" data-widget_type=\"creativo_button.default\">\n\t\t\t\t<div class=\"elementor-widget-container\">\n\t\t\t\t\t<a href=\"https:\/\/mgg.com.co\/index.php\/mggpublicas\/\" class=\"cr-elementor-button button cr-button--pipaluk p-0\" data-text=\"M.G.G P\u00fablicas\">\r\n\t\t\t<span class=\"flex items-center cr-icon-left\">\r\n\t\t\t\t\t\t\t\t<span class=\"cr-button-text text-center\">M.G.G P\u00fablicas<\/span>\r\n\t\t\t<\/span>\r\n\t\t<\/a>\r\n\t\t\t\t<\/div>\n\t\t\t\t<\/div>\n\t\t\t\t\t<\/div>\n\t\t<\/div>\n\t\t\t\t<div class=\"elementor-column elementor-col-25 elementor-top-column elementor-element elementor-element-24e28ce6\" data-id=\"24e28ce6\" data-element_type=\"column\" data-settings=\"{&quot;background_background&quot;:&quot;classic&quot;}\">\n\t\t\t<div class=\"elementor-widget-wrap elementor-element-populated\">\n\t\t\t\t\t\t\t\t<div class=\"elementor-element elementor-element-736e1fc7 text-center button-width-%sdefault elementor-widget elementor-widget-creativo_button\" data-id=\"736e1fc7\" data-element_type=\"widget\" data-widget_type=\"creativo_button.default\">\n\t\t\t\t<div class=\"elementor-widget-container\">\n\t\t\t\t\t<a href=\"https:\/\/mgg.com.co\/index.php\/mggineditas\/\" class=\"cr-elementor-button button cr-button--pipaluk p-0\" data-text=\"M.G.G In\u00e9ditas\">\r\n\t\t\t<span class=\"flex items-center cr-icon-left\">\r\n\t\t\t\t\t\t\t\t<span class=\"cr-button-text text-center\">M.G.G In\u00e9ditas<\/span>\r\n\t\t\t<\/span>\r\n\t\t<\/a>\r\n\t\t\t\t<\/div>\n\t\t\t\t<\/div>\n\t\t\t\t\t<\/div>\n\t\t<\/div>\n\t\t\t\t<div class=\"elementor-column elementor-col-25 elementor-top-column elementor-element elementor-element-909c064\" data-id=\"909c064\" data-element_type=\"column\" data-settings=\"{&quot;background_background&quot;:&quot;classic&quot;}\">\n\t\t\t<div class=\"elementor-widget-wrap elementor-element-populated\">\n\t\t\t\t\t\t\t\t<div class=\"elementor-element elementor-element-574180fd text-center button-width-%sdefault elementor-widget elementor-widget-creativo_button\" data-id=\"574180fd\" data-element_type=\"widget\" data-widget_type=\"creativo_button.default\">\n\t\t\t\t<div class=\"elementor-widget-container\">\n\t\t\t\t\t<a href=\"https:\/\/mgg.com.co\/index.php\/flairuspublicas\/\" class=\"cr-elementor-button button cr-button--pipaluk p-0\" data-text=\"Flairus P\u00fablicas\">\r\n\t\t\t<span class=\"flex items-center cr-icon-left\">\r\n\t\t\t\t\t\t\t\t<span class=\"cr-button-text text-center\">Flairus P\u00fablicas<\/span>\r\n\t\t\t<\/span>\r\n\t\t<\/a>\r\n\t\t\t\t<\/div>\n\t\t\t\t<\/div>\n\t\t\t\t\t<\/div>\n\t\t<\/div>\n\t\t\t\t<div class=\"elementor-column elementor-col-25 elementor-top-column elementor-element elementor-element-68290891\" data-id=\"68290891\" data-element_type=\"column\" data-settings=\"{&quot;background_background&quot;:&quot;classic&quot;}\">\n\t\t\t<div class=\"elementor-widget-wrap elementor-element-populated\">\n\t\t\t\t\t\t\t\t<div class=\"elementor-element elementor-element-642bf1bf text-center button-width-%sdefault elementor-widget elementor-widget-creativo_button\" data-id=\"642bf1bf\" data-element_type=\"widget\" data-widget_type=\"creativo_button.default\">\n\t\t\t\t<div class=\"elementor-widget-container\">\n\t\t\t\t\t<a href=\"https:\/\/mgg.com.co\/index.php\/flairusineditas\/\" class=\"cr-elementor-button button cr-button--pipaluk p-0\" data-text=\"Flairus In\u00e9ditas\">\r\n\t\t\t<span class=\"flex items-center cr-icon-left\">\r\n\t\t\t\t\t\t\t\t<span class=\"cr-button-text text-center\">Flairus In\u00e9ditas<\/span>\r\n\t\t\t<\/span>\r\n\t\t<\/a>\r\n\t\t\t\t<\/div>\n\t\t\t\t<\/div>\n\t\t\t\t\t<\/div>\n\t\t<\/div>\n\t\t\t\t\t\t\t<\/div>\n\t\t<\/section>\n\t\t\t\t\t\t\t<\/div>\n\t\t","protected":false},"excerpt":{"rendered":"<p>M.G.G P\u00fablicas M.G.G In\u00e9ditas Flairus P\u00fablicas Flairus In\u00e9ditas<\/p>\n","protected":false},"author":1,"featured_media":0,"parent":0,"menu_order":0,"comment_status":"closed","ping_status":"closed","template":"page-blog-small.php","meta":[],"_links":{"self":[{"href":"https:\/\/mgg.com.co\/index.php\/wp-json\/wp\/v2\/pages\/13"}],"collection":[{"href":"https:\/\/mgg.com.co\/index.php\/wp-json\/wp\/v2\/pages"}],"about":[{"href":"https:\/\/mgg.com.co\/index.php\/wp-json\/wp\/v2\/types\/page"}],"author":[{"embeddable":true,"href":"https:\/\/mgg.com.co\/index.php\/wp-json\/wp\/v2\/users\/1"}],"replies":[{"embeddable":true,"href":"https:\/\/mgg.com.co\/index.php\/wp-json\/wp\/v2\/comments?post=13"}],"version-history":[{"count":49,"href":"https:\/\/mgg.com.co\/index.php\/wp-json\/wp\/v2\/pages\/13\/revisions"}],"predecessor-version":[{"id":2786,"href":"https:\/\/mgg.com.co\/index.php\/wp-json\/wp\/v2\/pages\/13\/revisions\/2786"}],"wp:attachment":[{"href":"https:\/\/mgg.com.co\/index.php\/wp-json\/wp\/v2\/media?parent=13"}],"curies":[{"name":"wp","href":"https:\/\/api.w.org\/{rel}","templated":true}]}}